{"id":39,"date":"2024-02-13T11:19:13","date_gmt":"2024-02-13T10:19:13","guid":{"rendered":"https:\/\/localhost\/?page_id=39"},"modified":"2025-10-02T15:41:17","modified_gmt":"2025-10-02T13:41:17","slug":"red-de-talentos","status":"publish","type":"page","link":"https:\/\/www.rodriguez-iconsulting.com\/es\/red-de-talentos","title":{"rendered":"PARA TALENTOS"},"content":{"rendered":"<div data-elementor-type=\"wp-page\" data-elementor-id=\"39\" class=\"elementor elementor-39\">\n\t\t\t\t<div class=\"elementor-element elementor-element-28e07fc e-con-hero e-flex e-con-boxed e-con e-parent\" data-id=\"28e07fc\" data-element_type=\"container\" data-e-type=\"container\" data-settings=\"{&quot;background_background&quot;:&quot;classic&quot;}\">\n\t\t\t\t\t<div class=\"e-con-inner\">\n\t\t\t\t<div class=\"elementor-element elementor-element-732f2bf e-con-hero-button elementor-button-icon-scale-125 elementor-hidden-desktop elementor-hidden-tablet elementor-hidden-mobile elementor-widget elementor-widget-button\" data-id=\"732f2bf\" data-element_type=\"widget\" data-e-type=\"widget\" data-widget_type=\"button.default\">\n\t\t\t\t<div class=\"elementor-widget-container\">\n\t\t\t\t\t\t\t\t\t<div class=\"elementor-button-wrapper\">\n\t\t\t\t\t<a class=\"elementor-button elementor-button-link elementor-size-sm\" href=\"tel:+4924289099531\">\n\t\t\t\t\t\t<span class=\"elementor-button-content-wrapper\">\n\t\t\t\t\t\t<span class=\"elementor-button-icon\">\n\t\t\t\t<svg aria-hidden=\"true\" class=\"e-font-icon-svg e-fas-phone-alt\" viewbox=\"0 0 512 512\" xmlns=\"http:\/\/www.w3.org\/2000\/svg\"><path d=\"M497.39 361.8l-112-48a24 24 0 0 0-28 6.9l-49.6 60.6A370.66 370.66 0 0 1 130.6 204.11l60.6-49.6a23.94 23.94 0 0 0 6.9-28l-48-112A24.16 24.16 0 0 0 122.6.61l-104 24A24 24 0 0 0 0 48c0 256.5 207.9 464 464 464a24 24 0 0 0 23.4-18.6l24-104a24.29 24.29 0 0 0-14.01-27.6z\"><\/path><\/svg>\t\t\t<\/span>\n\t\t\t\t\t\t\t\t\t<span class=\"elementor-button-text\">+49 (0)2428 90 99 531<\/span>\n\t\t\t\t\t<\/span>\n\t\t\t\t\t<\/a>\n\t\t\t\t<\/div>\n\t\t\t\t\t\t\t\t<\/div>\n\t\t\t\t<\/div>\n\t\t\t\t<div class=\"elementor-element elementor-element-2f5e10e e-con-hero-heading elementor-widget elementor-widget-heading\" data-id=\"2f5e10e\" data-element_type=\"widget\" data-e-type=\"widget\" data-widget_type=\"heading.default\">\n\t\t\t\t<div class=\"elementor-widget-container\">\n\t\t\t\t\t<div class=\"elementor-heading-title elementor-size-default translation-block\">\u00bfBuscas un nuevo desaf\u00edo?<\/div>\t\t\t\t<\/div>\n\t\t\t\t<\/div>\n\t\t\t\t<div class=\"elementor-element elementor-element-a7d1d2e elementor-absolute .e-con-hero-button-small-1 elementor-view-default elementor-widget elementor-widget-icon\" data-id=\"a7d1d2e\" data-element_type=\"widget\" data-e-type=\"widget\" data-settings=\"{&quot;_position&quot;:&quot;absolute&quot;}\" data-widget_type=\"icon.default\">\n\t\t\t\t<div class=\"elementor-widget-container\">\n\t\t\t\t\t\t\t<div class=\"elementor-icon-wrapper\">\n\t\t\t<a class=\"elementor-icon\" href=\"tel:+4924289099531\">\n\t\t\t<svg aria-hidden=\"true\" class=\"e-font-icon-svg e-fas-phone-alt\" viewbox=\"0 0 512 512\" xmlns=\"http:\/\/www.w3.org\/2000\/svg\"><path d=\"M497.39 361.8l-112-48a24 24 0 0 0-28 6.9l-49.6 60.6A370.66 370.66 0 0 1 130.6 204.11l60.6-49.6a23.94 23.94 0 0 0 6.9-28l-48-112A24.16 24.16 0 0 0 122.6.61l-104 24A24 24 0 0 0 0 48c0 256.5 207.9 464 464 464a24 24 0 0 0 23.4-18.6l24-104a24.29 24.29 0 0 0-14.01-27.6z\"><\/path><\/svg>\t\t\t<\/a>\n\t\t<\/div>\n\t\t\t\t\t\t<\/div>\n\t\t\t\t<\/div>\n\t\t\t\t<div class=\"elementor-element elementor-element-0faddc4 elementor-absolute .e-con-hero-button-small-2 elementor-view-default elementor-widget elementor-widget-icon\" data-id=\"0faddc4\" data-element_type=\"widget\" data-e-type=\"widget\" data-settings=\"{&quot;_position&quot;:&quot;absolute&quot;}\" data-widget_type=\"icon.default\">\n\t\t\t\t<div class=\"elementor-widget-container\">\n\t\t\t\t\t\t\t<div class=\"elementor-icon-wrapper\">\n\t\t\t<a class=\"elementor-icon\" href=\"mailto:mail@rodriguez-iconsulting.com\">\n\t\t\t<svg aria-hidden=\"true\" class=\"e-font-icon-svg e-fas-envelope\" viewbox=\"0 0 512 512\" xmlns=\"http:\/\/www.w3.org\/2000\/svg\"><path d=\"M502.3 190.8c3.9-3.1 9.7-.2 9.7 4.7V400c0 26.5-21.5 48-48 48H48c-26.5 0-48-21.5-48-48V195.6c0-5 5.7-7.8 9.7-4.7 22.4 17.4 52.1 39.5 154.1 113.6 21.1 15.4 56.7 47.8 92.2 47.6 35.7.3 72-32.8 92.3-47.6 102-74.1 131.6-96.3 154-113.7zM256 320c23.2.4 56.6-29.2 73.4-41.4 132.7-96.3 142.8-104.7 173.4-128.7 5.8-4.5 9.2-11.5 9.2-18.9v-19c0-26.5-21.5-48-48-48H48C21.5 64 0 85.5 0 112v19c0 7.4 3.4 14.3 9.2 18.9 30.6 23.9 40.7 32.4 173.4 128.7 16.8 12.2 50.2 41.8 73.4 41.4z\"><\/path><\/svg>\t\t\t<\/a>\n\t\t<\/div>\n\t\t\t\t\t\t<\/div>\n\t\t\t\t<\/div>\n\t\t\t\t\t<\/div>\n\t\t\t\t<\/div>\n\t\t<div class=\"elementor-element elementor-element-9cb6955 e-flex e-con-boxed e-con e-parent\" data-id=\"9cb6955\" data-element_type=\"container\" data-e-type=\"container\">\n\t\t\t\t\t<div class=\"e-con-inner\">\n\t\t<div class=\"elementor-element elementor-element-642c9a1 e-con-full e-flex e-con e-child\" data-id=\"642c9a1\" data-element_type=\"container\" data-e-type=\"container\">\n\t\t\t\t<div class=\"elementor-element elementor-element-37f8fd9 elementor-widget elementor-widget-heading\" data-id=\"37f8fd9\" data-element_type=\"widget\" data-e-type=\"widget\" data-widget_type=\"heading.default\">\n\t\t\t\t<div class=\"elementor-widget-container\">\n\t\t\t\t\t<h1 class=\"elementor-heading-title elementor-size-default\">\u00a1Forma parte de nuestra red de talentos!<\/h1>\t\t\t\t<\/div>\n\t\t\t\t<\/div>\n\t\t\t\t<\/div>\n\t\t<div class=\"elementor-element elementor-element-23a8b86 e-flex e-con-boxed e-con e-child\" data-id=\"23a8b86\" data-element_type=\"container\" data-e-type=\"container\">\n\t\t\t\t\t<div class=\"e-con-inner\">\n\t\t\t\t<div class=\"elementor-element elementor-element-4114850 elementor-text-editor-xl elementor-widget elementor-widget-text-editor\" data-id=\"4114850\" data-element_type=\"widget\" data-e-type=\"widget\" data-widget_type=\"text-editor.default\">\n\t\t\t\t<div class=\"elementor-widget-container\">\n\t\t\t\t\t\t\t\t\t<p>Buscamos continuamente profesionales cualificados y multiling\u00fces para puestos en el mercado laboral alem\u00e1n e internacional.<\/p><p>Aumente sus posibilidades de ser contactado directamente por nuestros reclutadores registr\u00e1ndose en nuestra Red de Talentos.<\/p>\t\t\t\t\t\t\t\t<\/div>\n\t\t\t\t<\/div>\n\t\t\t\t\t<\/div>\n\t\t\t\t<\/div>\n\t\t\t\t\t<\/div>\n\t\t\t\t<\/div>\n\t\t<div class=\"elementor-element elementor-element-813b3c7 e-con-footer-top e-flex e-con-boxed e-con e-parent\" data-id=\"813b3c7\" data-element_type=\"container\" data-e-type=\"container\" data-settings=\"{&quot;background_background&quot;:&quot;classic&quot;}\">\n\t\t\t\t\t<div class=\"e-con-inner\">\n\t\t<div class=\"elementor-element elementor-element-6bf3240 e-con-full e-flex e-con e-child\" data-id=\"6bf3240\" data-element_type=\"container\" data-e-type=\"container\">\n\t\t\t\t<div class=\"elementor-element elementor-element-bbda95b elementor-widget elementor-widget-menu-anchor\" data-id=\"bbda95b\" data-element_type=\"widget\" data-e-type=\"widget\" data-widget_type=\"menu-anchor.default\">\n\t\t\t\t<div class=\"elementor-widget-container\">\n\t\t\t\t\t\t\t<div class=\"elementor-menu-anchor\" id=\"kontaktbewerber\"><\/div>\n\t\t\t\t\t\t<\/div>\n\t\t\t\t<\/div>\n\t\t\t\t<div class=\"elementor-element elementor-element-cf95084 elementor-widget elementor-widget-heading\" data-id=\"cf95084\" data-element_type=\"widget\" data-e-type=\"widget\" data-widget_type=\"heading.default\">\n\t\t\t\t<div class=\"elementor-widget-container\">\n\t\t\t\t\t<h2 class=\"elementor-heading-title elementor-size-default\">\u00a1Inscr\u00edbete en nuestra red ahora! Tambi\u00e9n env\u00edanos tu curr\u00edculum.<\/h2>\t\t\t\t<\/div>\n\t\t\t\t<\/div>\n\t\t\t\t<div class=\"elementor-element elementor-element-12699bb elementor-text-editor-xl elementor-widget elementor-widget-text-editor\" data-id=\"12699bb\" data-element_type=\"widget\" data-e-type=\"widget\" data-widget_type=\"text-editor.default\">\n\t\t\t\t<div class=\"elementor-widget-container\">\n\t\t\t\t\t\t\t\t\t<p>Ingresa tu direcci\u00f3n de correo electr\u00f3nico y cu\u00e9ntanos un poco sobre ti. Tambi\u00e9n te mantendremos informado sobre pr\u00f3ximos eventos y oportunidades que se ajusten a tus intereses.<\/p>\t\t\t\t\t\t\t\t<\/div>\n\t\t\t\t<\/div>\n\t\t\t\t<div class=\"elementor-element elementor-element-444432e elementor-widget elementor-widget-shortcode\" data-id=\"444432e\" data-element_type=\"widget\" data-e-type=\"widget\" data-widget_type=\"shortcode.default\">\n\t\t\t\t<div class=\"elementor-widget-container\">\n\t\t\t\t\t\t\t<div class=\"elementor-shortcode\">\n<div class=\"wpcf7 no-js\" id=\"wpcf7-f1602-o1\" lang=\"de-DE\" dir=\"ltr\" data-wpcf7-id=\"1602\">\n<div class=\"screen-reader-response\"><p role=\"status\" aria-live=\"polite\" aria-atomic=\"true\"><\/p> <ul><\/ul><\/div>\n<form action=\"\/es\/wp-json\/wp\/v2\/pages\/39#wpcf7-f1602-o1\" method=\"post\" class=\"wpcf7-form init wpcf7-acceptance-as-validation\" aria-label=\"formulario de contacto\" enctype=\"multipart\/form-data\" novalidate=\"novalidate\" data-status=\"init\" data-trp-original-action=\"\/es\/wp-json\/wp\/v2\/pages\/39#wpcf7-f1602-o1\">\n<fieldset class=\"hidden-fields-container\"><input type=\"hidden\" name=\"_wpcf7\" value=\"1602\" \/><input type=\"hidden\" name=\"_wpcf7_version\" value=\"6.1.5\" \/><input type=\"hidden\" name=\"_wpcf7_locale\" value=\"de_DE_formal\" \/><input type=\"hidden\" name=\"_wpcf7_unit_tag\" value=\"wpcf7-f1602-o1\" \/><input type=\"hidden\" name=\"_wpcf7_container_post\" value=\"0\" \/><input type=\"hidden\" name=\"_wpcf7_posted_data_hash\" value=\"\" \/>\n<\/fieldset>\n<div class=\"wpcf7-row\">\n    <label> <span class=\"wpcf7-label\"> Nombre <\/span>\n        <span class=\"wpcf7-form-control-wrap\" data-name=\"your-name\"><input size=\"40\" maxlength=\"400\" class=\"wpcf7-form-control wpcf7-text wpcf7-validates-as-required\" autocomplete=\"name\" aria-required=\"true\" aria-invalid=\"false\" value=\"\" type=\"text\" name=\"your-name\" \/><\/span> <\/label>\n<\/div>\n\n<div class=\"wpcf7-row\">\n    <label> <span class=\"wpcf7-label\"> Tel\u00e9fono <\/span>\n        <span class=\"wpcf7-form-control-wrap\" data-name=\"your-phone\"><input size=\"40\" maxlength=\"400\" class=\"wpcf7-form-control wpcf7-text wpcf7-validates-as-required\" autocomplete=\"phone\" aria-required=\"true\" aria-invalid=\"false\" value=\"\" type=\"text\" name=\"your-phone\" \/><\/span> <\/label>\n<\/div>\n<span id=\"wpcf7-69f3ebf5d8297-wrapper\" class=\"wpcf7-form-control-wrap Handy-wrap\" style=\"display:none !important; visibility:hidden !important;\"><input type=\"hidden\" name=\"Handy-time-start\" value=\"1777593333\"><input type=\"hidden\" name=\"Handy-time-check\" value=\"5\"><label for=\"wpcf7-69f3ebf5d8297-field\" class=\"hp-message\">Por favor, deje este campo vac\u00edo.<\/label><input id=\"wpcf7-69f3ebf5d8297-field\"  class=\"wpcf7-form-control wpcf7-text\" type=\"text\" name=\"Handy\" value=\"\" size=\"40\" tabindex=\"-1\" autocomplete=\"new-password\" \/><\/span>\n\n<div class=\"wpcf7-row\">\n    <label> <span class=\"wpcf7-label\"> Correo electr\u00f3nico <\/span>\n        <span class=\"wpcf7-form-control-wrap\" data-name=\"your-email\"><input size=\"40\" maxlength=\"400\" class=\"wpcf7-form-control wpcf7-email wpcf7-validates-as-required wpcf7-text wpcf7-validates-as-email\" autocomplete=\"email\" aria-required=\"true\" aria-invalid=\"false\" value=\"\" type=\"email\" name=\"your-email\" \/><\/span> <\/label>\n<\/div>\n\n<span id=\"wpcf7-69f3ebf5d8329-wrapper\" class=\"wpcf7-form-control-wrap Ort-wrap\" style=\"display:none !important; visibility:hidden !important;\"><input type=\"hidden\" name=\"Ort-time-start\" value=\"1777593333\"><input type=\"hidden\" name=\"Ort-time-check\" value=\"5\"><label for=\"wpcf7-69f3ebf5d8329-field\" class=\"hp-message\">Por favor, deje este campo vac\u00edo.<\/label><input id=\"wpcf7-69f3ebf5d8329-field\"  class=\"wpcf7-form-control wpcf7-text\" type=\"text\" name=\"Ort\" value=\"\" size=\"40\" tabindex=\"-1\" autocomplete=\"new-password\" \/><\/span>\n\n<div class=\"wpcf7-row\">\n    <label> <span class=\"wpcf7-label\"> Mensaje <\/span>\n        <span class=\"wpcf7-form-control-wrap\" data-name=\"your-message\"><textarea cols=\"40\" rows=\"10\" maxlength=\"2000\" class=\"wpcf7-form-control wpcf7-textarea wpcf7-validates-as-required\" aria-required=\"true\" aria-invalid=\"false\" name=\"your-message\"><\/textarea><\/span> <\/label>\n<\/div>\n\n<div class=\"wpcf7-row wpcf7-row-upload\">\n    <label> Sube tus documentos: <\/label>\n    <div id=\"mfcf7_zl_multifilecontainer\"><span class=\"mfcf7-zl-multiline-sample\" style=\"display:none\"><p class=\"wpcf7-form-control-wrap your-documents\"><input size=\"40\" class=\"wpcf7-form-control wpcf7-multilinefile\" multiple=\"multiple\" value=\"Durchsuchen\u2026\" aria-invalid=\"false\" type=\"file\" name=\"your-documents[]\" \/> <span class=\"mfcf7-zl-multifile-name\"><\/span><a href=\"javascript:void(0);\" class=\"mfcf7_zl_delete_file\"><span class=\"delete-file\" aria-hidden=\"true\">\u274c<\/span><\/a><\/p><\/span><\/div><span class=\"wpcf7-form-control-wrap zl-form-control-wrap your-documents\"><input size=\"40\" class=\"wpcf7-form-control wpcf7-multilinefile\" multiple=\"multiple\" value=\"Durchsuchen\u2026\" aria-invalid=\"false\" type=\"file\" name=\"your-documents[]\" \/> <span class=\"mfcf7-zl-multifile-name\"><\/span><a href=\"javascript:void(0);\" class=\"mfcf7_zl_delete_file\"><span class=\"delete-file\" aria-hidden=\"true\">\u274c<\/span><\/a><\/span><p><label><span class=\"wpcf7-form-control-wrap\" data-name=\"your-documents-zl-mfcf7-upld-btn\"><input type=\"button\" name=\"your-documents-zl-mfcf7-upld-btn\" class=\"button button-primary qbutton\" id=\"mfcf7_zl_add_file\" value=\"Explorar\u2026\"><\/span><\/label><\/p>\n<\/div>\n\n<div class=\"wpcf7-row wpcf7-row-acceptance\">\n    <span class=\"wpcf7-form-control-wrap\" data-name=\"privacy-policy\"><span class=\"wpcf7-form-control wpcf7-acceptance\"><span class=\"wpcf7-list-item\"><label><input type=\"checkbox\" name=\"privacy-policy\" value=\"1\" aria-invalid=\"false\" \/><span class=\"wpcf7-list-item-label\">Consentimiento para el tratamiento de datos seg\u00fan el Reglamento General de Protecci\u00f3n de Datos. Puede encontrar m\u00e1s informaci\u00f3n en nuestra <a href=\"\/es\/proteccion-de-datos\" target=\"_blank\">pol\u00edtica de privacidad<\/a>.<\/span><\/label><\/span><\/span><\/span>\n<\/div>\n\n<div class=\"wpcf7-row wpcf7-row-acceptance\">\n    <span class=\"wpcf7-form-control-wrap\" data-name=\"data-storage\"><span class=\"wpcf7-form-control wpcf7-acceptance optional\"><span class=\"wpcf7-list-item\"><label><input type=\"checkbox\" name=\"data-storage\" value=\"1\" aria-invalid=\"false\" \/><span class=\"wpcf7-list-item-label\">Opcional: Aceptas el almacenamiento extendido de tus datos, por ejemplo, para que podamos contactarte sobre vacantes futuras.<\/span><\/label><\/span><\/span><\/span>\n<\/div>\n\n<div class=\"wpcf7-row wpcf7-row-response\">\n    <div class=\"wpcf7-response-output\" aria-hidden=\"true\"><\/div>\n<\/div>\n\n<div class=\"wpcf7-row wpcf7-row-submit\">\n    <input class=\"wpcf7-form-control wpcf7-submit has-spinner\" type=\"submit\" value=\"Inscr\u00edbete ahora\" \/>\n<\/div>\n<input type=\"hidden\" name=\"trp-form-language\" value=\"es\"\/><\/form>\n<\/div>\n<\/div>\n\t\t\t\t\t\t<\/div>\n\t\t\t\t<\/div>\n\t\t\t\t<\/div>\n\t\t<div class=\"elementor-element elementor-element-4349c7f e-con-full e-flex e-con e-child\" data-id=\"4349c7f\" data-element_type=\"container\" data-e-type=\"container\">\n\t\t\t\t<div class=\"elementor-element elementor-element-f769a7e elementor-widget elementor-widget-image\" data-id=\"f769a7e\" data-element_type=\"widget\" data-e-type=\"widget\" data-widget_type=\"image.default\">\n\t\t\t\t<div class=\"elementor-widget-container\">\n\t\t\t\t\t\t\t\t\t\t\t\t\t\t\t<img loading=\"lazy\" decoding=\"async\" width=\"380\" height=\"148\" src=\"https:\/\/www.rodriguez-iconsulting.com\/wp-content\/uploads\/rodriguez-international-consulting-logo-lg.png\" class=\"attachment-large size-large wp-image-1592\" alt=\"Rodr\u00edguez Consultor\u00eda Internacional\" srcset=\"https:\/\/www.rodriguez-iconsulting.com\/wp-content\/uploads\/rodriguez-international-consulting-logo-lg.png 380w, https:\/\/www.rodriguez-iconsulting.com\/wp-content\/uploads\/rodriguez-international-consulting-logo-lg-300x117.png 300w\" sizes=\"auto, (max-width: 380px) 100vw, 380px\" \/>\t\t\t\t\t\t\t\t\t\t\t\t\t\t\t<\/div>\n\t\t\t\t<\/div>\n\t\t\t\t<\/div>\n\t\t\t\t\t<\/div>\n\t\t\t\t<\/div>\n\t\t<div class=\"elementor-element elementor-element-1ef373f e-flex e-con-boxed e-con e-parent\" data-id=\"1ef373f\" data-element_type=\"container\" data-e-type=\"container\">\n\t\t\t\t\t<div class=\"e-con-inner\">\n\t\t\t\t<div class=\"elementor-element elementor-element-bdcb5a0 elementor-widget elementor-widget-heading\" data-id=\"bdcb5a0\" data-element_type=\"widget\" data-e-type=\"widget\" data-widget_type=\"heading.default\">\n\t\t\t\t<div class=\"elementor-widget-container\">\n\t\t\t\t\t<h2 class=\"elementor-heading-title elementor-size-default\">FAQS f\u00fcr Talente<\/h2>\t\t\t\t<\/div>\n\t\t\t\t<\/div>\n\t\t\t\t<div class=\"elementor-element elementor-element-aad53bb elementor-widget elementor-widget-oew-accordion\" data-id=\"aad53bb\" data-element_type=\"widget\" data-e-type=\"widget\" data-widget_type=\"oew-accordion.default\">\n\t\t\t\t<div class=\"elementor-widget-container\">\n\t\t\t\t\t\n\t\t<div class=\"oew-has-active-item oew-accordion\" id=\"oew-accordion-aad53bb\" data-settings=\"{&quot;multiple&quot;:&quot;false&quot;,&quot;active_item&quot;:1}\">\n\n\t\t\t\n\t\t\t\t<div class=\"oew-accordion-item oew-active\">\n\t\t\t\t\t<div class=\"oew-accordion-title\">\n\t\t\t\t\t\t\t\t\t\t\t\t\t<span class=\"oew-accordion-icon oew-accordion-icon-right\" aria-hidden=\"true\">\n\t\t\t\t\t\t\t\t<i class=\"oew-accordion-icon-closed fa fa-plus\"><\/i>\n\t\t\t\t\t\t\t\t<i class=\"oew-accordion-icon-opened fa fa-minus\"><\/i>\n\t\t\t\t\t\t\t<\/span>\n\t\t\t\t\t\t\t\n\t\t\t\t\t\t\u00bfC\u00f3mo funciona su proceso de selecci\u00f3n?\t\t\t\t\t<\/div>\n\n\t\t\t\t\t<div class=\"oew-accordion-content\">\n\t\t\t\t\t\t<p>Muy sencillo: si su perfil (recibido a trav\u00e9s de esta p\u00e1gina web, Xing o LinkedIn) coincide con una vacante abierta, me pondr\u00e9 en contacto con usted para comentar los detalles. El proceso, por supuesto, es gratuito. Incluso si en esta ocasi\u00f3n no resulta, estaremos encantados de mantener el contacto para futuras oportunidades. Le apoyar\u00e9 no solo en una posici\u00f3n concreta, sino tambi\u00e9n en la planificaci\u00f3n de sus pr\u00f3ximos pasos profesionales.<\/p>\t\t\t\t\t<\/div>\n\t\t\t\t<\/div>\n\n\t\t\t\t\n\t\t\t\t<div class=\"oew-accordion-item\">\n\t\t\t\t\t<div class=\"oew-accordion-title\">\n\t\t\t\t\t\t\t\t\t\t\t\t\t<span class=\"oew-accordion-icon oew-accordion-icon-right\" aria-hidden=\"true\">\n\t\t\t\t\t\t\t\t<i class=\"oew-accordion-icon-closed fa fa-plus\"><\/i>\n\t\t\t\t\t\t\t\t<i class=\"oew-accordion-icon-opened fa fa-minus\"><\/i>\n\t\t\t\t\t\t\t<\/span>\n\t\t\t\t\t\t\t\n\t\t\t\t\t\t\u00bfQu\u00e9 valora m\u00e1s en los candidatos?\t\t\t\t\t<\/div>\n\n\t\t\t\t\t<div class=\"oew-accordion-content\">\n\t\t\t\t\t\tPara m\u00ed es importante que usted sea aut\u00e9ntico y que muestre con claridad sus fortalezas. No se trata tanto de tener un curr\u00edculum perfecto, sino de su personalidad y su potencial.\t\t\t\t\t<\/div>\n\t\t\t\t<\/div>\n\n\t\t\t\t\n\t\t\t\t<div class=\"oew-accordion-item\">\n\t\t\t\t\t<div class=\"oew-accordion-title\">\n\t\t\t\t\t\t\t\t\t\t\t\t\t<span class=\"oew-accordion-icon oew-accordion-icon-right\" aria-hidden=\"true\">\n\t\t\t\t\t\t\t\t<i class=\"oew-accordion-icon-closed fa fa-plus\"><\/i>\n\t\t\t\t\t\t\t\t<i class=\"oew-accordion-icon-opened fa fa-minus\"><\/i>\n\t\t\t\t\t\t\t<\/span>\n\t\t\t\t\t\t\t\n\t\t\t\t\t\t\u00bfOfrece consejos para prepararse para entrevistas de trabajo?\t\t\t\t\t<\/div>\n\n\t\t\t\t\t<div class=\"oew-accordion-content\">\n\t\t\t\t\t\t\u00a1Por supuesto! Antes de las entrevistas le proporcionar\u00e9 pautas sobre lo que resulta m\u00e1s relevante y c\u00f3mo puede presentarse de la mejor manera posible.\t\t\t\t\t<\/div>\n\t\t\t\t<\/div>\n\n\t\t\t\t\n\t\t\t\t<div class=\"oew-accordion-item\">\n\t\t\t\t\t<div class=\"oew-accordion-title\">\n\t\t\t\t\t\t\t\t\t\t\t\t\t<span class=\"oew-accordion-icon oew-accordion-icon-right\" aria-hidden=\"true\">\n\t\t\t\t\t\t\t\t<i class=\"oew-accordion-icon-closed fa fa-plus\"><\/i>\n\t\t\t\t\t\t\t\t<i class=\"oew-accordion-icon-opened fa fa-minus\"><\/i>\n\t\t\t\t\t\t\t<\/span>\n\t\t\t\t\t\t\t\n\t\t\t\t\t\t\u00bfRecibir\u00e9 un feedback aunque no sea seleccionado?\t\t\t\t\t<\/div>\n\n\t\t\t\t\t<div class=\"oew-accordion-content\">\n\t\t\t\t\t\t\u00a1Desde luego! La transparencia es fundamental para m\u00ed, por lo que siempre recibir\u00e1 un feedback, independientemente del resultado.\t\t\t\t\t<\/div>\n\t\t\t\t<\/div>\n\n\t\t\t\t\n\t\t<\/div>\n\n\t\t\t\t\t\t<\/div>\n\t\t\t\t<\/div>\n\t\t\t\t\t<\/div>\n\t\t\t\t<\/div>\n\t\t\t\t<\/div>","protected":false},"excerpt":{"rendered":"<p>+49 (0)2428 90 99 531 Neue Herausforderung gesucht? Dann bist du hier genau richtig! Werde Teil unseres Talentnetzwerkes! Wir sind laufend auf der Suche nach qualifizierten, mehrsprachigen Mitarbeitern f\u00fcr Stellen auf dem deutsch-internationalen Jobmarkt. Steigere deine Chance, direkt von unseren Personalvermittlern kontaktiert zu werden, indem du dich hier im Talentnetzwerk eintr\u00e4gst. Trage dich gleich hier [&hellip;]<\/p>\n","protected":false},"author":1,"featured_media":0,"parent":0,"menu_order":70,"comment_status":"closed","ping_status":"closed","template":"","meta":{"_seopress_robots_primary_cat":"","_seopress_titles_title":"Talentnetzwerk - Jobs f\u00fcr Fach- und F\u00fchrungskr\u00e4fte","_seopress_titles_desc":"Auf der Suche nach einer neuen beruflichen Herausforderung? Dann sind Sie hier richtig! schicken Sie uns Ihren Lebenslauf!","_seopress_robots_index":"","ocean_post_layout":"","ocean_both_sidebars_style":"","ocean_both_sidebars_content_width":0,"ocean_both_sidebars_sidebars_width":0,"ocean_sidebar":"0","ocean_second_sidebar":"0","ocean_disable_margins":"enable","ocean_add_body_class":"","ocean_shortcode_before_top_bar":"","ocean_shortcode_after_top_bar":"","ocean_shortcode_before_header":"","ocean_shortcode_after_header":"","ocean_has_shortcode":"","ocean_shortcode_after_title":"","ocean_shortcode_before_footer_widgets":"","ocean_shortcode_after_footer_widgets":"","ocean_shortcode_before_footer_bottom":"","ocean_shortcode_after_footer_bottom":"","ocean_display_top_bar":"default","ocean_display_header":"default","ocean_header_style":"","ocean_center_header_left_menu":"0","ocean_custom_header_template":"0","ocean_custom_logo":0,"ocean_custom_retina_logo":0,"ocean_custom_logo_max_width":0,"ocean_custom_logo_tablet_max_width":0,"ocean_custom_logo_mobile_max_width":0,"ocean_custom_logo_max_height":0,"ocean_custom_logo_tablet_max_height":0,"ocean_custom_logo_mobile_max_height":0,"ocean_header_custom_menu":"0","ocean_menu_typo_font_family":"0","ocean_menu_typo_font_subset":"","ocean_menu_typo_font_size":0,"ocean_menu_typo_font_size_tablet":0,"ocean_menu_typo_font_size_mobile":0,"ocean_menu_typo_font_size_unit":"px","ocean_menu_typo_font_weight":"","ocean_menu_typo_font_weight_tablet":"","ocean_menu_typo_font_weight_mobile":"","ocean_menu_typo_transform":"","ocean_menu_typo_transform_tablet":"","ocean_menu_typo_transform_mobile":"","ocean_menu_typo_line_height":0,"ocean_menu_typo_line_height_tablet":0,"ocean_menu_typo_line_height_mobile":0,"ocean_menu_typo_line_height_unit":"","ocean_menu_typo_spacing":0,"ocean_menu_typo_spacing_tablet":0,"ocean_menu_typo_spacing_mobile":0,"ocean_menu_typo_spacing_unit":"","ocean_menu_link_color":"","ocean_menu_link_color_hover":"","ocean_menu_link_color_active":"","ocean_menu_link_background":"","ocean_menu_link_hover_background":"","ocean_menu_link_active_background":"","ocean_menu_social_links_bg":"","ocean_menu_social_hover_links_bg":"","ocean_menu_social_links_color":"","ocean_menu_social_hover_links_color":"","ocean_disable_title":"default","ocean_disable_heading":"default","ocean_post_title":"","ocean_post_subheading":"","ocean_post_title_style":"","ocean_post_title_background_color":"","ocean_post_title_background":0,"ocean_post_title_bg_image_position":"","ocean_post_title_bg_image_attachment":"","ocean_post_title_bg_image_repeat":"","ocean_post_title_bg_image_size":"","ocean_post_title_height":0,"ocean_post_title_bg_overlay":0.5,"ocean_post_title_bg_overlay_color":"","ocean_disable_breadcrumbs":"default","ocean_breadcrumbs_color":"","ocean_breadcrumbs_separator_color":"","ocean_breadcrumbs_links_color":"","ocean_breadcrumbs_links_hover_color":"","ocean_display_footer_widgets":"default","ocean_display_footer_bottom":"default","ocean_custom_footer_template":"0","omw_enable_modal_window":"enable","footnotes":""},"class_list":["post-39","page","type-page","status-publish","hentry","entry"],"_links":{"self":[{"href":"https:\/\/www.rodriguez-iconsulting.com\/es\/wp-json\/wp\/v2\/pages\/39","targetHints":{"allow":["GET"]}}],"collection":[{"href":"https:\/\/www.rodriguez-iconsulting.com\/es\/wp-json\/wp\/v2\/pages"}],"about":[{"href":"https:\/\/www.rodriguez-iconsulting.com\/es\/wp-json\/wp\/v2\/types\/page"}],"author":[{"embeddable":true,"href":"https:\/\/www.rodriguez-iconsulting.com\/es\/wp-json\/wp\/v2\/users\/1"}],"replies":[{"embeddable":true,"href":"https:\/\/www.rodriguez-iconsulting.com\/es\/wp-json\/wp\/v2\/comments?post=39"}],"version-history":[{"count":20,"href":"https:\/\/www.rodriguez-iconsulting.com\/es\/wp-json\/wp\/v2\/pages\/39\/revisions"}],"predecessor-version":[{"id":3016,"href":"https:\/\/www.rodriguez-iconsulting.com\/es\/wp-json\/wp\/v2\/pages\/39\/revisions\/3016"}],"wp:attachment":[{"href":"https:\/\/www.rodriguez-iconsulting.com\/es\/wp-json\/wp\/v2\/media?parent=39"}],"curies":[{"name":"wp","href":"https:\/\/api.w.org\/{rel}","templated":true}]}}