{"id":45,"date":"2024-02-13T11:21:03","date_gmt":"2024-02-13T10:21:03","guid":{"rendered":"https:\/\/localhost\/?page_id=45"},"modified":"2024-03-15T13:44:05","modified_gmt":"2024-03-15T12:44:05","slug":"news","status":"publish","type":"page","link":"https:\/\/www.rodriguez-iconsulting.com\/es\/news","title":{"rendered":"NOTICIAS"},"content":{"rendered":"<div data-elementor-type=\"wp-page\" data-elementor-id=\"45\" class=\"elementor elementor-45\">\n\t\t\t\t<div class=\"elementor-element elementor-element-948311a e-flex e-con-boxed e-con e-parent\" data-id=\"948311a\" data-element_type=\"container\" data-e-type=\"container\">\n\t\t\t\t\t<div class=\"e-con-inner\">\n\t\t\t\t<div class=\"elementor-element elementor-element-713f965 elementor-widget elementor-widget-heading\" data-id=\"713f965\" data-element_type=\"widget\" data-e-type=\"widget\" data-widget_type=\"heading.default\">\n\t\t\t\t<div class=\"elementor-widget-container\">\n\t\t\t\t\t<h1 class=\"elementor-heading-title elementor-size-default\">NOTICIAS<\/h1>\t\t\t\t<\/div>\n\t\t\t\t<\/div>\n\t\t\t\t<div class=\"elementor-element elementor-element-097327a elementor-widget elementor-widget-shortcode\" data-id=\"097327a\" data-element_type=\"widget\" data-e-type=\"widget\" data-widget_type=\"shortcode.default\">\n\t\t\t\t<div class=\"elementor-widget-container\">\n\t\t\t\t\t\t\t<div class=\"elementor-shortcode\">\n\t<div class=\"news-grid\">\n\n\t\t\n\t\t\t\n\t\t\t<div class=\"news-item\">\n\n\t\t\t\t\n\t\t\t\t<div class=\"news-image\">\n\t\t\t\t\t<a href=\"https:\/\/www.rodriguez-iconsulting.com\/es\/news\/vdi-qualifizierungsreihe-online\">\n\t\t\t\t\t\t<img loading=\"lazy\" decoding=\"async\" width=\"560\" height=\"350\" src=\"https:\/\/www.rodriguez-iconsulting.com\/wp-content\/uploads\/Foto_QualifING_Logo_2021-560x350.jpg\" class=\"attachment-news-thumbnail size-news-thumbnail wp-post-image\" alt=\"Logo Qualifiying- Qualifizierungsprogramm f\u00fcr Ingenieur:innen\" srcset=\"https:\/\/www.rodriguez-iconsulting.com\/wp-content\/uploads\/Foto_QualifING_Logo_2021-560x350.jpg 560w, https:\/\/www.rodriguez-iconsulting.com\/wp-content\/uploads\/Foto_QualifING_Logo_2021-18x12.jpg 18w\" sizes=\"auto, (max-width: 560px) 100vw, 560px\" \/>\t\t\t\t\t<\/a>\n\t\t\t\t<\/div>\n\n\t\t\t\t<a href=\"https:\/\/www.rodriguez-iconsulting.com\/es\/news\/vdi-qualifizierungsreihe-online\">\n\t\t\t\t\t<h3 class=\"news-title\">\n\t\t\t\t\t\t2026 VDI Qualifying Program for international Engineers\t\t\t\t\t<\/h3>\n\t\t\t\t<\/a>\n\t\t\t\t<!--\n\t\t\t\t<p class=\"news-teaser\">\n\t\t\t\t\tVDI-Qualifying \u2013 Workshop Online Qualifying \u2013 Fachkr\u00e4fte mit Fluchterfahrung qualifizieren - Workshop Im Rahmen des Projekts \u201eQualifying \u2013 Fachkr\u00e4fte mit Fluchterfahrung qualifizieren\u201c bietet der\u00a0VDI Bochum\u00a0in Kooperation mit der Technischen Hochschule Georg Agricola (THGA) eine praxisorientierte Online-Workshop-Reihe an. Die drei Workshops&hellip;\t\t\t\t<\/p>-->\n\n\t\t\t\t<a href=\"https:\/\/www.rodriguez-iconsulting.com\/es\/news\/vdi-qualifizierungsreihe-online\" class=\"news-read-more button\">\n\t\t\t\t\tSeguir leyendo\t\t\t\t<\/a>\n\n\t\t\t<\/div>\n\n\t\t\n\t\t\t\n\t\t\t<div class=\"news-item\">\n\n\t\t\t\t\n\t\t\t\t<div class=\"news-image\">\n\t\t\t\t\t<a href=\"https:\/\/www.rodriguez-iconsulting.com\/es\/news\/vdi-workshopscualificacion\">\n\t\t\t\t\t\t<img loading=\"lazy\" decoding=\"async\" width=\"560\" height=\"350\" src=\"https:\/\/www.rodriguez-iconsulting.com\/wp-content\/uploads\/VDI-Xpand_2025_Jetzt_informieren-560x350.png\" class=\"attachment-news-thumbnail size-news-thumbnail wp-post-image\" alt=\"\" \/>\t\t\t\t\t<\/a>\n\t\t\t\t<\/div>\n\n\t\t\t\t<a href=\"https:\/\/www.rodriguez-iconsulting.com\/es\/news\/vdi-workshopscualificacion\">\n\t\t\t\t\t<h3 class=\"news-title\">\n\t\t\t\t\t\tVDI-Xpand \/ Qualifizierungsreihe Online Workshops\t\t\t\t\t<\/h3>\n\t\t\t\t<\/a>\n\t\t\t\t<!--\n\t\t\t\t<p class=\"news-teaser\">\n\t\t\t\t\tVDI-XpandBuilding bridges for migrant engineersDas Projekt VDI-Xpand hilft Ingenieure (m\/w\/d) aus anderen L\u00e4ndern in Deutschland einen passenden Job zu finden.Obwhol sie gut ausgebildet sind, fehlen ihnen oft wichtige Kontakte und Wissen \u00fcber den deutschen Arbeitsmarkt. Beides ist wichtich, um in&hellip;\t\t\t\t<\/p>-->\n\n\t\t\t\t<a href=\"https:\/\/www.rodriguez-iconsulting.com\/es\/news\/vdi-workshopscualificacion\" class=\"news-read-more button\">\n\t\t\t\t\tSeguir leyendo\t\t\t\t<\/a>\n\n\t\t\t<\/div>\n\n\t\t\n\t\t\t\n\t\t\t<div class=\"news-item\">\n\n\t\t\t\t\n\t\t\t\t<div class=\"news-image\">\n\t\t\t\t\t<a href=\"https:\/\/www.rodriguez-iconsulting.com\/es\/news\/freues-2025\">\n\t\t\t\t\t\t<img loading=\"lazy\" decoding=\"async\" width=\"560\" height=\"350\" src=\"https:\/\/www.rodriguez-iconsulting.com\/wp-content\/uploads\/20250101-560x350.jpg\" class=\"attachment-news-thumbnail size-news-thumbnail wp-post-image\" alt=\"\" \/>\t\t\t\t\t<\/a>\n\t\t\t\t<\/div>\n\n\t\t\t\t<a href=\"https:\/\/www.rodriguez-iconsulting.com\/es\/news\/freues-2025\">\n\t\t\t\t\t<h3 class=\"news-title\">\n\t\t\t\t\t\t\u00a1FELIZ A\u00d1O NUEVO 2025!\t\t\t\t\t<\/h3>\n\t\t\t\t<\/a>\n\t\t\t\t<!--\n\t\t\t\t<p class=\"news-teaser\">\n\t\t\t\t\tFreues Neues Jahr 2025!Liebes Netzwerk,Ich w\u00fcnsche all unseren Kunden, Kandidaten und Partnern ein erfolgreiches, friedliches und gesundes neues Jahr 2025!Dr. Ruth Rodriguez &amp; Team\t\t\t\t<\/p>-->\n\n\t\t\t\t<a href=\"https:\/\/www.rodriguez-iconsulting.com\/es\/news\/freues-2025\" class=\"news-read-more button\">\n\t\t\t\t\tSeguir leyendo\t\t\t\t<\/a>\n\n\t\t\t<\/div>\n\n\t\t\n\t\t\t\n\t\t\t<div class=\"news-item\">\n\n\t\t\t\t\n\t\t\t\t<div class=\"news-image\">\n\t\t\t\t\t<a href=\"https:\/\/www.rodriguez-iconsulting.com\/es\/news\/vdi-recruitingtag-koeln_20241107\">\n\t\t\t\t\t\t\t\t\t\t\t<\/a>\n\t\t\t\t<\/div>\n\n\t\t\t\t<a href=\"https:\/\/www.rodriguez-iconsulting.com\/es\/news\/vdi-recruitingtag-koeln_20241107\">\n\t\t\t\t\t<h3 class=\"news-title\">\n\t\t\t\t\t\tVDI Feria de Reclutamiento\t\t\t\t\t<\/h3>\n\t\t\t\t<\/a>\n\t\t\t\t<!--\n\t\t\t\t<p class=\"news-teaser\">\n\t\t\t\t\tSAVE THE DATE !Am 07. November 2024 findet der VDI\u00a0 Recruiting Tag in K\u00f6ln statt.\u00a0\u00a0\u00a0VDI nachrichten Recruiting Tag K\u00f6ln\ud83d\udd50 07. November 2024 I 11-17 Uhr\ud83d\udccd WASSERMANNHALLE\ud83d\udcbb https:\/\/lnkd.in\/eHVQcUUNam 07. November findet der Recruiting Tag in K\u00f6ln statt: Dieses Jahr d\u00fcrfen wir&hellip;\t\t\t\t<\/p>-->\n\n\t\t\t\t<a href=\"https:\/\/www.rodriguez-iconsulting.com\/es\/news\/vdi-recruitingtag-koeln_20241107\" class=\"news-read-more button\">\n\t\t\t\t\tSeguir leyendo\t\t\t\t<\/a>\n\n\t\t\t<\/div>\n\n\t\t\n\t\t\t\n\t\t\t<div class=\"news-item\">\n\n\t\t\t\t\n\t\t\t\t<div class=\"news-image\">\n\t\t\t\t\t<a href=\"https:\/\/www.rodriguez-iconsulting.com\/es\/news\/entrevista-dr-ruth-vijande-rodriguez-para-el-telediario-de-rtve\">\n\t\t\t\t\t\t<img loading=\"lazy\" decoding=\"async\" width=\"560\" height=\"350\" src=\"https:\/\/www.rodriguez-iconsulting.com\/wp-content\/uploads\/headhunting-koeln-560x350.jpg\" class=\"attachment-news-thumbnail size-news-thumbnail wp-post-image\" alt=\"Blick auf die Stadt K\u00f6ln mit Dom und Rhein\" \/>\t\t\t\t\t<\/a>\n\t\t\t\t<\/div>\n\n\t\t\t\t<a href=\"https:\/\/www.rodriguez-iconsulting.com\/es\/news\/entrevista-dr-ruth-vijande-rodriguez-para-el-telediario-de-rtve\">\n\t\t\t\t\t<h3 class=\"news-title\">\n\t\t\t\t\t\tEntrevista a Dr. Ruth Vijande Rodriguez para el telediario de RTVE\t\t\t\t\t<\/h3>\n\t\t\t\t<\/a>\n\t\t\t\t<!--\n\t\t\t\t<p class=\"news-teaser\">\n\t\t\t\t\tLink zum kurzen Interview:https:\/\/www.rtve.es\/play\/videos\/telediario-2\/ingenieros-espanoles-alemania-salario\/6358198\/Vollst\u00e4ndiges Interview:Sie haben einen breiten pers\u00f6nlichen und beruflichen Hintergrund, da Sie in verschiedenen L\u00e4ndern studiert und gearbeitet haben: Gro\u00dfbritannien, den USA, Japan und jetzt Deutschland. Erz\u00e4hlen Sie uns ein wenig \u00fcber sich und was Sie gerade tun.Ich&hellip;\t\t\t\t<\/p>-->\n\n\t\t\t\t<a href=\"https:\/\/www.rodriguez-iconsulting.com\/es\/news\/entrevista-dr-ruth-vijande-rodriguez-para-el-telediario-de-rtve\" class=\"news-read-more button\">\n\t\t\t\t\tSeguir leyendo\t\t\t\t<\/a>\n\n\t\t\t<\/div>\n\n\t\t\n\t\t\t\n\t\t\t<div class=\"news-item\">\n\n\t\t\t\t\n\t\t\t\t<div class=\"news-image\">\n\t\t\t\t\t<a href=\"https:\/\/www.rodriguez-iconsulting.com\/es\/news\/trabajar-en-alemania-ingenieros-esperar\">\n\t\t\t\t\t\t<img loading=\"lazy\" decoding=\"async\" width=\"560\" height=\"350\" src=\"https:\/\/www.rodriguez-iconsulting.com\/wp-content\/uploads\/weltkarte-news.jpg\" class=\"attachment-news-thumbnail size-news-thumbnail wp-post-image\" alt=\"Weltkarte\" srcset=\"https:\/\/www.rodriguez-iconsulting.com\/wp-content\/uploads\/weltkarte-news.jpg 560w, https:\/\/www.rodriguez-iconsulting.com\/wp-content\/uploads\/weltkarte-news-300x188.jpg 300w, https:\/\/www.rodriguez-iconsulting.com\/wp-content\/uploads\/weltkarte-news-550x344.jpg 550w\" sizes=\"auto, (max-width: 560px) 100vw, 560px\" \/>\t\t\t\t\t<\/a>\n\t\t\t\t<\/div>\n\n\t\t\t\t<a href=\"https:\/\/www.rodriguez-iconsulting.com\/es\/news\/trabajar-en-alemania-ingenieros-esperar\">\n\t\t\t\t\t<h3 class=\"news-title\">\n\t\t\t\t\t\tEntrevista con la Dra. Ruth Vijande Rodr\u00edguez por Ingenieur.de | Trabajar en Alemania: Lo que los Ingenieros Internacionales Deben Esperar\t\t\t\t\t<\/h3>\n\t\t\t\t<\/a>\n\t\t\t\t<!--\n\t\t\t\t<p class=\"news-teaser\">\n\t\t\t\t\tArbeiten in Deutschland: Das kommt auf einen Ingenieur aus dem Ausland zu.Internationale Ingenieure sind gefragt und entscheiden sich zunehmend f\u00fcr den Standort Deutschland. Warum das so ist und was Ingenieure vor einem Wechsel wissen m\u00fcssen, hat ingenieur.de mit Dr. Ruth&hellip;\t\t\t\t<\/p>-->\n\n\t\t\t\t<a href=\"https:\/\/www.rodriguez-iconsulting.com\/es\/news\/trabajar-en-alemania-ingenieros-esperar\" class=\"news-read-more button\">\n\t\t\t\t\tSeguir leyendo\t\t\t\t<\/a>\n\n\t\t\t<\/div>\n\n\t\t\n\t\t\n\t<nav class=\"navigation pagination\" aria-label=\"Entradas\">\n\t\t<h2 class=\"screen-reader-text\">Navegaci\u00f3n de entradas<\/h2>\n\t\t<div class=\"nav-links\"><span aria-current=\"page\" class=\"page-numbers button current\">1<\/span>\n<a class=\"page-numbers button button\" href=\"https:\/\/www.rodriguez-iconsulting.com\/wp-json\/wp\/v2\/pages\/45\/page\/2\">2<\/a>\n<a class=\"next page-numbers button\" href=\"https:\/\/www.rodriguez-iconsulting.com\/wp-json\/wp\/v2\/pages\/45\/page\/2\">P\u00e1gina siguiente<\/a>\n<a class=\"last page-numbers\" href=\"https:\/\/www.rodriguez-iconsulting.com\/wp-json\/wp\/v2\/pages\/45\/page\/2\">\u00faltima p\u00e1gina<\/a><\/div>\n\t<\/nav>\n\t<\/div>\n\n<\/div>\n\t\t\t\t\t\t<\/div>\n\t\t\t\t<\/div>\n\t\t\t\t\t<\/div>\n\t\t\t\t<\/div>\n\t\t\t\t<\/div>","protected":false},"excerpt":{"rendered":"<p>NOTICIAS<\/p>","protected":false},"author":1,"featured_media":0,"parent":0,"menu_order":110,"comment_status":"closed","ping_status":"closed","template":"","meta":{"_seopress_robots_primary_cat":"","_seopress_titles_title":"News | Rodriguez International Consulting","_seopress_titles_desc":"Hier finden Sie wichtige Neuigkeiten, Messen, Termine und Veranstaltungen - Rodriguez International Consulting","_seopress_robots_index":"","ocean_post_layout":"","ocean_both_sidebars_style":"","ocean_both_sidebars_content_width":0,"ocean_both_sidebars_sidebars_width":0,"ocean_sidebar":"0","ocean_second_sidebar":"0","ocean_disable_margins":"enable","ocean_add_body_class":"","ocean_shortcode_before_top_bar":"","ocean_shortcode_after_top_bar":"","ocean_shortcode_before_header":"","ocean_shortcode_after_header":"","ocean_has_shortcode":"","ocean_shortcode_after_title":"","ocean_shortcode_before_footer_widgets":"","ocean_shortcode_after_footer_widgets":"","ocean_shortcode_before_footer_bottom":"","ocean_shortcode_after_footer_bottom":"","ocean_display_top_bar":"default","ocean_display_header":"default","ocean_header_style":"","ocean_center_header_left_menu":"0","ocean_custom_header_template":"0","ocean_custom_logo":0,"ocean_custom_retina_logo":0,"ocean_custom_logo_max_width":0,"ocean_custom_logo_tablet_max_width":0,"ocean_custom_logo_mobile_max_width":0,"ocean_custom_logo_max_height":0,"ocean_custom_logo_tablet_max_height":0,"ocean_custom_logo_mobile_max_height":0,"ocean_header_custom_menu":"0","ocean_menu_typo_font_family":"0","ocean_menu_typo_font_subset":"","ocean_menu_typo_font_size":0,"ocean_menu_typo_font_size_tablet":0,"ocean_menu_typo_font_size_mobile":0,"ocean_menu_typo_font_size_unit":"px","ocean_menu_typo_font_weight":"","ocean_menu_typo_font_weight_tablet":"","ocean_menu_typo_font_weight_mobile":"","ocean_menu_typo_transform":"","ocean_menu_typo_transform_tablet":"","ocean_menu_typo_transform_mobile":"","ocean_menu_typo_line_height":0,"ocean_menu_typo_line_height_tablet":0,"ocean_menu_typo_line_height_mobile":0,"ocean_menu_typo_line_height_unit":"","ocean_menu_typo_spacing":0,"ocean_menu_typo_spacing_tablet":0,"ocean_menu_typo_spacing_mobile":0,"ocean_menu_typo_spacing_unit":"","ocean_menu_link_color":"","ocean_menu_link_color_hover":"","ocean_menu_link_color_active":"","ocean_menu_link_background":"","ocean_menu_link_hover_background":"","ocean_menu_link_active_background":"","ocean_menu_social_links_bg":"","ocean_menu_social_hover_links_bg":"","ocean_menu_social_links_color":"","ocean_menu_social_hover_links_color":"","ocean_disable_title":"default","ocean_disable_heading":"default","ocean_post_title":"","ocean_post_subheading":"","ocean_post_title_style":"","ocean_post_title_background_color":"","ocean_post_title_background":0,"ocean_post_title_bg_image_position":"","ocean_post_title_bg_image_attachment":"","ocean_post_title_bg_image_repeat":"","ocean_post_title_bg_image_size":"","ocean_post_title_height":0,"ocean_post_title_bg_overlay":0.5,"ocean_post_title_bg_overlay_color":"","ocean_disable_breadcrumbs":"default","ocean_breadcrumbs_color":"","ocean_breadcrumbs_separator_color":"","ocean_breadcrumbs_links_color":"","ocean_breadcrumbs_links_hover_color":"","ocean_display_footer_widgets":"default","ocean_display_footer_bottom":"default","ocean_custom_footer_template":"0","omw_enable_modal_window":"enable","footnotes":""},"class_list":["post-45","page","type-page","status-publish","hentry","entry","has-media"],"_links":{"self":[{"href":"https:\/\/www.rodriguez-iconsulting.com\/es\/wp-json\/wp\/v2\/pages\/45","targetHints":{"allow":["GET"]}}],"collection":[{"href":"https:\/\/www.rodriguez-iconsulting.com\/es\/wp-json\/wp\/v2\/pages"}],"about":[{"href":"https:\/\/www.rodriguez-iconsulting.com\/es\/wp-json\/wp\/v2\/types\/page"}],"author":[{"embeddable":true,"href":"https:\/\/www.rodriguez-iconsulting.com\/es\/wp-json\/wp\/v2\/users\/1"}],"replies":[{"embeddable":true,"href":"https:\/\/www.rodriguez-iconsulting.com\/es\/wp-json\/wp\/v2\/comments?post=45"}],"version-history":[{"count":19,"href":"https:\/\/www.rodriguez-iconsulting.com\/es\/wp-json\/wp\/v2\/pages\/45\/revisions"}],"predecessor-version":[{"id":1721,"href":"https:\/\/www.rodriguez-iconsulting.com\/es\/wp-json\/wp\/v2\/pages\/45\/revisions\/1721"}],"wp:attachment":[{"href":"https:\/\/www.rodriguez-iconsulting.com\/es\/wp-json\/wp\/v2\/media?parent=45"}],"curies":[{"name":"wp","href":"https:\/\/api.w.org\/{rel}","templated":true}]}}